
{"id":985,"date":"2022-05-05T11:28:47","date_gmt":"2022-05-05T09:28:47","guid":{"rendered":"https:\/\/przedszkole77.edu.wroclaw.pl\/?page_id=985"},"modified":"2022-05-06T10:47:46","modified_gmt":"2022-05-06T08:47:46","slug":"stolowka-z-certyfikatem","status":"publish","type":"page","link":"https:\/\/przedszkole77.edu.wroclaw.pl\/index.php\/stolowka-z-certyfikatem\/","title":{"rendered":"Sto\u0142\u00f3wka z certyfikatem"},"content":{"rendered":"<div class=\"wpb-content-wrapper\"><p>[vc_row][vc_column][vc_column_text]<\/p>\n<p style=\"text-align: center;\">Drodzy Rodzice !<\/p>\n<p>Nasze Przedszkole wzi\u0119\u0142o udzia\u0142 w projekcie \u201eSmacznie, zdrowo, warto\u015bciowo\u201d organizowanym przez Wydzia\u0142 Zdrowia i Spraw Spo\u0142ecznych Urz\u0119du Miejskiego Wroc\u0142awia oraz Wroc\u0142awskie Centrum Rozwoju Spo\u0142ecznego i otrzyma\u0142o certyfikat &#8222;Sto\u0142\u00f3wki z certyfikatem zdrowego i racjonalnego \u017cywienia&#8221;.<\/p>\n<p>Projekt zak\u0142ada\u0142 popraw\u0119 jako\u015bci \u017cywno\u015bci i \u017cywienia we wroc\u0142awskich plac\u00f3wkach o\u015bwiatowych.<\/p>\n<p>Certyfikat otrzymali\u015bmy po konsultacji doradcy \u017cywieniowego i \u00a0spe\u0142nieniu wymaganych kryteri\u00f3w. Najwa\u017cniejsze z nich to stosowanie si\u0119 do listy produkt\u00f3w rekomendowanych dla sto\u0142\u00f3wek i sklepik\u00f3w szkolnych oraz promowanie zasad zdrowego \u017cywienia.<\/p>\n<div class=\"filesWrapper\">\n<h2 class=\"filesHead\">Pliki do pobrania<\/h2>\n<p><a href=\"\/wp-content\/uploads\/sites\/70\/2022\/05\/tab-dodatki.pdf\" target=\"_blank\" rel=\"noopener\">Substancje dodawane do \u017cywno\u015bci (wzmacniacze smaku)<\/a>\u00a0(258.63 KB)<\/p>\n<\/div>\n<div class=\"filesWrapper\"><a href=\"\/wp-content\/uploads\/sites\/70\/2022\/05\/produktyrekomendowane.pdf\" target=\"_blank\" rel=\"noopener\">Produkty rekomendowanedla sto\u0142\u00f3wek przedszkolnych i szkolnych<\/a> (152.12 KB)<\/div>\n<p>[\/vc_column_text][\/vc_column][\/vc_row][vc_row][vc_column][vc_btn title=&#8221;Wi\u0119cej&#8230;&#8221; style=&#8221;3d&#8221; color=&#8221;chino&#8221; size=&#8221;lg&#8221; align=&#8221;left&#8221; css_animation=&#8221;none&#8221; link=&#8221;url:%2Findex.php%2Fcategory%2Fstolowka-z-certyfikatem%2F|title:Wi%C4%99cej&#8230;&#8221;][\/vc_column][\/vc_row]<\/p>\n<\/div>","protected":false},"excerpt":{"rendered":"<p>[vc_row][vc_column][vc_column_text] Drodzy Rodzice ! Nasze Przedszkole wzi\u0119\u0142o udzia\u0142 w projekcie \u201eSmacznie, zdrowo, warto\u015bciowo\u201d organizowanym przez Wydzia\u0142 Zdrowia i Spraw Spo\u0142ecznych Urz\u0119du Miejskiego Wroc\u0142awia oraz Wroc\u0142awskie Centrum Rozwoju Spo\u0142ecznego i otrzyma\u0142o [&hellip;]<\/p>\n","protected":false},"author":7,"featured_media":0,"parent":0,"menu_order":0,"comment_status":"closed","ping_status":"closed","template":"","meta":{"footnotes":""},"class_list":["post-985","page","type-page","status-publish","hentry","clearfix"],"_links":{"self":[{"href":"https:\/\/przedszkole77.edu.wroclaw.pl\/index.php\/wp-json\/wp\/v2\/pages\/985","targetHints":{"allow":["GET"]}}],"collection":[{"href":"https:\/\/przedszkole77.edu.wroclaw.pl\/index.php\/wp-json\/wp\/v2\/pages"}],"about":[{"href":"https:\/\/przedszkole77.edu.wroclaw.pl\/index.php\/wp-json\/wp\/v2\/types\/page"}],"author":[{"embeddable":true,"href":"https:\/\/przedszkole77.edu.wroclaw.pl\/index.php\/wp-json\/wp\/v2\/users\/7"}],"replies":[{"embeddable":true,"href":"https:\/\/przedszkole77.edu.wroclaw.pl\/index.php\/wp-json\/wp\/v2\/comments?post=985"}],"version-history":[{"count":7,"href":"https:\/\/przedszkole77.edu.wroclaw.pl\/index.php\/wp-json\/wp\/v2\/pages\/985\/revisions"}],"predecessor-version":[{"id":1015,"href":"https:\/\/przedszkole77.edu.wroclaw.pl\/index.php\/wp-json\/wp\/v2\/pages\/985\/revisions\/1015"}],"wp:attachment":[{"href":"https:\/\/przedszkole77.edu.wroclaw.pl\/index.php\/wp-json\/wp\/v2\/media?parent=985"}],"curies":[{"name":"wp","href":"https:\/\/api.w.org\/{rel}","templated":true}]}}