
{"id":37,"date":"2021-11-15T10:31:24","date_gmt":"2021-11-15T09:31:24","guid":{"rendered":"https:\/\/przedszkole77.edu.wroclaw.pl\/?page_id=37"},"modified":"2026-03-06T08:08:48","modified_gmt":"2026-03-06T07:08:48","slug":"kontakt","status":"publish","type":"page","link":"https:\/\/przedszkole77.edu.wroclaw.pl\/index.php\/kontakt\/","title":{"rendered":"Kontakt"},"content":{"rendered":"<div class=\"wpb-content-wrapper\"><p>[vc_row][vc_column width=&#8221;1\/2&#8243;][vc_column_text css=&#8221;&#8221;]Przedszkole nr 77 &#8222;T\u0119czowe Si\u00f3demki&#8221;<br \/>\n50-238 Wroc\u0142aw ul. J.U. Niemcewicza 4<br \/>\ntel. 71 3223449, 71 7986813<\/p>\n<p>e-mail: sekretariat.p077@wroclawskaedukacja.pl<\/p>\n<p>adres do e-Dor\u0119cze\u0144: AE:PL-77794-12573-DRTGR-34[\/vc_column_text][vc_column_text css=&#8221;&#8221;]1a \u201eS\u0142oneczka\u201d<\/p>\n<p>Janina Fikus, Agnieszka Siek, Halina Bielawska<\/p>\n<p>sala 11 tel. 71 7223467<\/p>\n<p>1b \u201eJag\u00f3dki\u201d<\/p>\n<p>Klaudia Dro\u017cd\u017cy\u0144ska, Agnieszka Siek, Jolanta Chorz\u0119pa<\/p>\n<p>sala 7 tel.71 7223464<\/p>\n<p>2a \u201eKrasnale\u201d<\/p>\n<p>Beata Kowalczyk, Renata Piechota<\/p>\n<p>sala 304 tel. 71 7223470<\/p>\n<p>2b \u201ePszcz\u00f3\u0142ki\u201d<\/p>\n<p>Paulina Magda, Marta Sk\u0119da<\/p>\n<p>sala 306 tel. 71 7223470<\/p>\n<p>3a \u201eBiedronki\u201d<\/p>\n<p>Monika Maliga &#8211; Kowalczyk, Dorota Sk\u00f3rska<\/p>\n<p>sala 302 tel. 71 7223480<\/p>\n<p>3b \u201eMisie\u201d<\/p>\n<p>Miros\u0142awa Czajczy\u0144ska, Dorota Bernatowicz<\/p>\n<p>sala 307 tel. 71 7223478<\/p>\n<p>4a \u201eKoliberki\u201d<\/p>\n<p>Ma\u0142gorzata Markowska, Katarzyna Fr\u0105szczak<\/p>\n<p>sala 13 tel. 71 7223465<\/p>\n<p>4b \u201eChmurki\u201d<\/p>\n<p>Iwona Pawlicka, Ma\u0142gorzata B\u0142aszczyk<\/p>\n<p>sala 305 tel. 71 7223461<\/p>\n<p>4c \u201eJe\u017cyki\u201d<\/p>\n<p>Dorota Kulesza &#8211; Ku\u017ama, Magdalena Hajdun<\/p>\n<p>sala 301 tel.71 7223483<\/p>\n<p>&nbsp;<\/p>\n<p>Dyrektor tel.71 722-34-73<\/p>\n<p>Intendent tel.71 722-34-76<\/p>\n<p>Sekretariat tel. 71 798-68-13, 71 322-34-49[\/vc_column_text][\/vc_column][vc_column width=&#8221;1\/2&#8243;][vc_raw_html]JTNDaWZyYW1lJTIwd2lkdGglM0QlMjI2MDAlMjIlMjBoZWlnaHQlM0QlMjI1MDAlMjIlMjBpZCUzRCUyMmdtYXBfY2FudmFzJTIyJTIwc3JjJTNEJTIyaHR0cHMlM0ElMkYlMkZtYXBzLmdvb2dsZS5jb20lMkZtYXBzJTNGcSUzRFByemVkc3prb2xlJTI1MjBuciUyNTIwNzclMjUyMCUyNTIyVCUyNUM0JTI1OTljem93ZSUyNTIwU2klMjVDMyUyNUIzZGVta2klMjUyMiUyNTIwNTAtMjM4JTI1MjBXcm9jJTI1QzUlMjU4MmF3JTI1MjB1bC4lMjUyMEouVS4lMjUyME5pZW1jZXdpY3phJTI1MjA0JTI1MjAlMjZ0JTNEJTI2eiUzRDEzJTI2aWUlM0RVVEY4JTI2aXdsb2MlM0QlMjZvdXRwdXQlM0RlbWJlZCUyMiUyMGZyYW1lYm9yZGVyJTNEJTIyMCUyMiUyMHNjcm9sbGluZyUzRCUyMm5vJTIyJTIwbWFyZ2luaGVpZ2h0JTNEJTIyMCUyMiUyMG1hcmdpbndpZHRoJTNEJTIyMCUyMiUzRSUzQyUyRmlmcmFtZSUzRQ==[\/vc_raw_html][\/vc_column][\/vc_row]<\/p>\n<\/div>","protected":false},"excerpt":{"rendered":"<p>[vc_row][vc_column width=&#8221;1\/2&#8243;][vc_column_text css=&#8221;&#8221;]Przedszkole nr 77 &#8222;T\u0119czowe Si\u00f3demki&#8221; 50-238 Wroc\u0142aw ul. J.U. Niemcewicza 4 tel. 71 3223449, 71 7986813 e-mail: sekretariat.p077@wroclawskaedukacja.pl adres do e-Dor\u0119cze\u0144: AE:PL-77794-12573-DRTGR-34[\/vc_column_text][vc_column_text css=&#8221;&#8221;]1a \u201eS\u0142oneczka\u201d Janina Fikus, Agnieszka Siek, [&hellip;]<\/p>\n","protected":false},"author":15,"featured_media":0,"parent":0,"menu_order":0,"comment_status":"closed","ping_status":"closed","template":"","meta":{"footnotes":""},"class_list":["post-37","page","type-page","status-publish","hentry","clearfix"],"_links":{"self":[{"href":"https:\/\/przedszkole77.edu.wroclaw.pl\/index.php\/wp-json\/wp\/v2\/pages\/37","targetHints":{"allow":["GET"]}}],"collection":[{"href":"https:\/\/przedszkole77.edu.wroclaw.pl\/index.php\/wp-json\/wp\/v2\/pages"}],"about":[{"href":"https:\/\/przedszkole77.edu.wroclaw.pl\/index.php\/wp-json\/wp\/v2\/types\/page"}],"author":[{"embeddable":true,"href":"https:\/\/przedszkole77.edu.wroclaw.pl\/index.php\/wp-json\/wp\/v2\/users\/15"}],"replies":[{"embeddable":true,"href":"https:\/\/przedszkole77.edu.wroclaw.pl\/index.php\/wp-json\/wp\/v2\/comments?post=37"}],"version-history":[{"count":29,"href":"https:\/\/przedszkole77.edu.wroclaw.pl\/index.php\/wp-json\/wp\/v2\/pages\/37\/revisions"}],"predecessor-version":[{"id":3036,"href":"https:\/\/przedszkole77.edu.wroclaw.pl\/index.php\/wp-json\/wp\/v2\/pages\/37\/revisions\/3036"}],"wp:attachment":[{"href":"https:\/\/przedszkole77.edu.wroclaw.pl\/index.php\/wp-json\/wp\/v2\/media?parent=37"}],"curies":[{"name":"wp","href":"https:\/\/api.w.org\/{rel}","templated":true}]}}