
{"id":34,"date":"2021-11-15T10:31:11","date_gmt":"2021-11-15T09:31:11","guid":{"rendered":"https:\/\/przedszkole77.edu.wroclaw.pl\/?page_id=34"},"modified":"2025-07-28T11:19:07","modified_gmt":"2025-07-28T09:19:07","slug":"do-pobrania","status":"publish","type":"page","link":"https:\/\/przedszkole77.edu.wroclaw.pl\/index.php\/do-pobrania\/","title":{"rendered":"Dokumenty"},"content":{"rendered":"<div class=\"wpb-content-wrapper\"><p>[vc_row][vc_column][vc_column_text css=&#8221;&#8221;]<a href=\"https:\/\/przedszkole77.edu.wroclaw.pl\/wp-content\/uploads\/sites\/70\/2025\/07\/Zal.-9.-Karta-do-odbioru-dziecka-z-przedszkola.docx\">Za\u0142. 9. Karta do odbioru dziecka z przedszkola<\/a><a href=\"https:\/\/przedszkole77.edu.wroclaw.pl\/wp-content\/uploads\/sites\/70\/2024\/10\/Zal.-9.-Karta-do-odbioru-dziecka-z-przedszkola-1.docx\">(DOC 32.6 KB)<\/a><\/p>\n<p><a href=\"https:\/\/przedszkole77.edu.wroclaw.pl\/wp-content\/uploads\/sites\/70\/2025\/07\/Deklaracja-pobytu-dziecka-w-przedszkolu_2024.2025.docx\">Deklaracja pobytu dziecka w przedszkolu_2025.2026<\/a><a href=\"https:\/\/przedszkole77.edu.wroclaw.pl\/wp-content\/uploads\/sites\/70\/2024\/10\/Deklaracja-pobytu-dziecka-w-przedszkolu_2024.2025-1.docx\">(DOC 16.7KB)<\/a><\/p>\n<p><a href=\"https:\/\/przedszkole77.edu.wroclaw.pl\/wp-content\/uploads\/sites\/70\/2024\/10\/Oswiadczenie-zbiorcze-TYLKO-NOWE-DZIECI.docx\">O\u015bwiadczenie zbiorcze- TYLKO NOWE DZIECI (DOC 16 KB)<\/a><\/p>\n<p><a href=\"https:\/\/przedszkole77.edu.wroclaw.pl\/wp-content\/uploads\/sites\/70\/2024\/10\/Zal.-8b.-Zgoda-na-wizerunek-na-FB-oraz-YouTube-wychowanek-1.docx\">Za\u0142. 8b. Zgoda na wizerunek na FB oraz YouTube &#8211; wychowanek (1) (DOC 41 KB)<\/a><\/p>\n<p><a href=\"https:\/\/przedszkole77.edu.wroclaw.pl\/wp-content\/uploads\/sites\/70\/2024\/10\/Zal.-7p.-Klauzula-opiekun-wycieczki.docx\">Za\u0142. 7p. Klauzula &#8211; opiekun wycieczki (DOC 37KB<\/a>)<\/p>\n<p><a href=\"https:\/\/przedszkole77.edu.wroclaw.pl\/wp-content\/uploads\/sites\/70\/2024\/10\/Zal.-7c.-Klauzula-korespondencja-elektroniczna.docx\">Za\u0142. 7c. Klauzula &#8211; korespondencja elektroniczna (DOC 38KB)<\/a><\/p>\n<p><a href=\"https:\/\/przedszkole77.edu.wroclaw.pl\/wp-content\/uploads\/sites\/70\/2025\/07\/Zal.-12a.-Kluzula-monitoring.docx\">Za\u0142. 12a. Klazula monitoring<\/a><a href=\"https:\/\/przedszkole77.edu.wroclaw.pl\/wp-content\/uploads\/sites\/70\/2024\/10\/Zal.-12a.-Kluzula-monitoring.docx\">(DOC 34.5KB)<\/a><\/p>\n<p><a href=\"https:\/\/przedszkole77.edu.wroclaw.pl\/wp-content\/uploads\/sites\/70\/2024\/10\/Zal.-7x.-Klauzula-dla-osob-upowaznionych-do-odbioru-dziecka-z-przedszkola.docx\">Za\u0142. 7x. Klauzula &#8211; dla os\u00f3b upowa\u017cnionych do odbioru dziecka z przedszkola(DOC 38KB)<\/a><\/p>\n<p><a href=\"https:\/\/przedszkole77.edu.wroclaw.pl\/wp-content\/uploads\/sites\/70\/2024\/10\/Zal.-7.-Klauzula-zlozenie-pisma-w-placowce.docx\">Za\u0142. 7. Klauzula &#8211; z\u0142o\u017cenie pisma w plac\u00f3wce<\/a><a href=\"https:\/\/przedszkole77.edu.wroclaw.pl\/wp-content\/uploads\/sites\/70\/2024\/10\/Zal.-7x.-Klauzula-dla-osob-upowaznionych-do-odbioru-dziecka-z-przedszkola.docx\">(DOC 38KB)<\/a><\/p>\n<p><a href=\"https:\/\/przedszkole77.edu.wroclaw.pl\/wp-content\/uploads\/sites\/70\/2025\/07\/Zal.-7n.-Klauzula-edukacja-dziecka-w-placowce.docx\">Za\u0142. 7n. Klauzula &#8211; edukacja dziecka w plac\u00f3wce<\/a><a href=\"https:\/\/przedszkole77.edu.wroclaw.pl\/wp-content\/uploads\/sites\/70\/2024\/10\/Zal.-7x.-Klauzula-dla-osob-upowaznionych-do-odbioru-dziecka-z-przedszkola.docx\">(DOC 39KB)<\/a><\/p>\n<p><a href=\"https:\/\/przedszkole77.edu.wroclaw.pl\/wp-content\/uploads\/sites\/70\/2024\/10\/Zal.-8.-Zgoda-na-wizerunek-na-www.docx\">Za\u0142. 8. Zgoda na wizerunek na www<\/a><a href=\"https:\/\/przedszkole77.edu.wroclaw.pl\/wp-content\/uploads\/sites\/70\/2024\/10\/Zal.-7x.-Klauzula-dla-osob-upowaznionych-do-odbioru-dziecka-z-przedszkola.docx\">(DOC30 KB)<\/a><\/p>\n<p><a href=\"https:\/\/przedszkole77.edu.wroclaw.pl\/wp-content\/uploads\/sites\/70\/2024\/10\/Zal.-8b.-Zgoda-na-wizerunek-na-FB-oraz-YouTube-wychowanek.docx\">Za\u0142. 8b. Zgoda na wizerunek na FB oraz YouTube &#8211; wychowanek<\/a><a href=\"https:\/\/przedszkole77.edu.wroclaw.pl\/wp-content\/uploads\/sites\/70\/2024\/10\/Zal.-7x.-Klauzula-dla-osob-upowaznionych-do-odbioru-dziecka-z-przedszkola.docx\">(DOC 41KB)<\/a><\/p>\n<p><a href=\"https:\/\/przedszkole77.edu.wroclaw.pl\/wp-content\/uploads\/sites\/70\/2025\/07\/Deklaracja-alergia-pokarmowa.docx\">Deklaracja- alergia pokarmowa<\/a>(DOC 13 KB)<\/p>\n<p>[\/vc_column_text][\/vc_column][\/vc_row]<\/p>\n<\/div>","protected":false},"excerpt":{"rendered":"<p>[vc_row][vc_column][vc_column_text css=&#8221;&#8221;]Za\u0142. 9. Karta do odbioru dziecka z przedszkola(DOC 32.6 KB) Deklaracja pobytu dziecka w przedszkolu_2025.2026(DOC 16.7KB) O\u015bwiadczenie zbiorcze- TYLKO NOWE DZIECI (DOC 16 KB) Za\u0142. 8b. Zgoda na wizerunek [&hellip;]<\/p>\n","protected":false},"author":15,"featured_media":0,"parent":0,"menu_order":0,"comment_status":"closed","ping_status":"closed","template":"","meta":{"footnotes":""},"class_list":["post-34","page","type-page","status-publish","hentry","clearfix"],"_links":{"self":[{"href":"https:\/\/przedszkole77.edu.wroclaw.pl\/index.php\/wp-json\/wp\/v2\/pages\/34","targetHints":{"allow":["GET"]}}],"collection":[{"href":"https:\/\/przedszkole77.edu.wroclaw.pl\/index.php\/wp-json\/wp\/v2\/pages"}],"about":[{"href":"https:\/\/przedszkole77.edu.wroclaw.pl\/index.php\/wp-json\/wp\/v2\/types\/page"}],"author":[{"embeddable":true,"href":"https:\/\/przedszkole77.edu.wroclaw.pl\/index.php\/wp-json\/wp\/v2\/users\/15"}],"replies":[{"embeddable":true,"href":"https:\/\/przedszkole77.edu.wroclaw.pl\/index.php\/wp-json\/wp\/v2\/comments?post=34"}],"version-history":[{"count":21,"href":"https:\/\/przedszkole77.edu.wroclaw.pl\/index.php\/wp-json\/wp\/v2\/pages\/34\/revisions"}],"predecessor-version":[{"id":2888,"href":"https:\/\/przedszkole77.edu.wroclaw.pl\/index.php\/wp-json\/wp\/v2\/pages\/34\/revisions\/2888"}],"wp:attachment":[{"href":"https:\/\/przedszkole77.edu.wroclaw.pl\/index.php\/wp-json\/wp\/v2\/media?parent=34"}],"curies":[{"name":"wp","href":"https:\/\/api.w.org\/{rel}","templated":true}]}}