
{"id":2308,"date":"2024-03-05T07:57:38","date_gmt":"2024-03-05T06:57:38","guid":{"rendered":"https:\/\/przedszkole77.edu.wroclaw.pl\/?page_id=2308"},"modified":"2026-03-16T20:03:46","modified_gmt":"2026-03-16T19:03:46","slug":"zarzadzenia","status":"publish","type":"page","link":"https:\/\/przedszkole77.edu.wroclaw.pl\/index.php\/zarzadzenia\/","title":{"rendered":"Zarz\u0105dzenia"},"content":{"rendered":"<div class=\"wpb-content-wrapper\"><p>[vc_row][vc_column css=&#8221;.vc_custom_1709621789863{background: #0f6489 url(https:\/\/przedszkola.edu.wroclaw.pl\/wp-content\/uploads\/sites\/30\/2021\/06\/tlo.png?id=) !important;}&#8221;][vc_tta_tour color=&#8221;white&#8221; active_section=&#8221;1&#8243;][vc_tta_section title=&#8221;Zarz\u0105dzenia&#8221; tab_id=&#8221;1673592309068-aa07ae17-a70e&#8221;][vc_column_text css=&#8221;&#8221;]<a href=\"https:\/\/przedszkole77.edu.wroclaw.pl\/wp-content\/uploads\/sites\/70\/2024\/10\/Statut-przedszkola-.pdf\">Statut-przedszkola-<\/a><a href=\"https:\/\/przedszkole77.edu.wroclaw.pl\/wp-content\/uploads\/sites\/70\/2024\/03\/Procedura-monitorowania-wejsc-i-wyjsc-osob-postronnych-2.pdf\"> (PDF 548 KB) <\/a><\/p>\n<p><a href=\"https:\/\/przedszkole77.edu.wroclaw.pl\/wp-content\/uploads\/sites\/70\/2024\/03\/Procedura-monitorowania-wejsc-i-wyjsc-osob-postronnych-2.pdf\">Procedura monitorowania wej\u015b\u0107 i wyj\u015b\u0107 os\u00f3b postronnych (2)<\/a> (PDF 173 KB)<\/p>\n<p><a href=\"https:\/\/przedszkole77.edu.wroclaw.pl\/wp-content\/uploads\/sites\/70\/2024\/10\/Regulamin-monitoringu-wizyjnego-2.pdf\">Regulamin monitoringu wizyjnego (2)<\/a> (PDF 1721 KB)<\/p>\n<p><a href=\"https:\/\/przedszkole77.edu.wroclaw.pl\/wp-content\/uploads\/sites\/70\/2026\/03\/Standardy-ochrony-maloletnich-przed-krzywdzeniem-w-Przedszkolu-nr-77-Teczowe-Siodemki.pdf\">Standardy ochrony ma\u0142oletnich przed krzywdzeniem w Przedszkolu nr 77 T\u0119czowe Si\u00f3demki<\/a>(PDF 8,39 MB)[\/vc_column_text][\/vc_tta_section][\/vc_tta_tour][\/vc_column][\/vc_row]<\/p>\n<\/div>","protected":false},"excerpt":{"rendered":"<p>[vc_row][vc_column css=&#8221;.vc_custom_1709621789863{background: #0f6489 url(https:\/\/przedszkola.edu.wroclaw.pl\/wp-content\/uploads\/sites\/30\/2021\/06\/tlo.png?id=) !important;}&#8221;][vc_tta_tour color=&#8221;white&#8221; active_section=&#8221;1&#8243;][vc_tta_section title=&#8221;Zarz\u0105dzenia&#8221; tab_id=&#8221;1673592309068-aa07ae17-a70e&#8221;][vc_column_text css=&#8221;&#8221;]Statut-przedszkola- (PDF 548 KB) Procedura monitorowania wej\u015b\u0107 i wyj\u015b\u0107 os\u00f3b postronnych (2) (PDF 173 KB) Regulamin monitoringu wizyjnego (2) (PDF 1721 [&hellip;]<\/p>\n","protected":false},"author":7,"featured_media":0,"parent":0,"menu_order":0,"comment_status":"closed","ping_status":"closed","template":"","meta":{"footnotes":""},"class_list":["post-2308","page","type-page","status-publish","hentry","clearfix"],"_links":{"self":[{"href":"https:\/\/przedszkole77.edu.wroclaw.pl\/index.php\/wp-json\/wp\/v2\/pages\/2308","targetHints":{"allow":["GET"]}}],"collection":[{"href":"https:\/\/przedszkole77.edu.wroclaw.pl\/index.php\/wp-json\/wp\/v2\/pages"}],"about":[{"href":"https:\/\/przedszkole77.edu.wroclaw.pl\/index.php\/wp-json\/wp\/v2\/types\/page"}],"author":[{"embeddable":true,"href":"https:\/\/przedszkole77.edu.wroclaw.pl\/index.php\/wp-json\/wp\/v2\/users\/7"}],"replies":[{"embeddable":true,"href":"https:\/\/przedszkole77.edu.wroclaw.pl\/index.php\/wp-json\/wp\/v2\/comments?post=2308"}],"version-history":[{"count":12,"href":"https:\/\/przedszkole77.edu.wroclaw.pl\/index.php\/wp-json\/wp\/v2\/pages\/2308\/revisions"}],"predecessor-version":[{"id":3044,"href":"https:\/\/przedszkole77.edu.wroclaw.pl\/index.php\/wp-json\/wp\/v2\/pages\/2308\/revisions\/3044"}],"wp:attachment":[{"href":"https:\/\/przedszkole77.edu.wroclaw.pl\/index.php\/wp-json\/wp\/v2\/media?parent=2308"}],"curies":[{"name":"wp","href":"https:\/\/api.w.org\/{rel}","templated":true}]}}