
{"id":18,"date":"2021-11-04T09:25:08","date_gmt":"2021-11-04T08:25:08","guid":{"rendered":"https:\/\/przedszkole77.edu.wroclaw.pl\/?page_id=18"},"modified":"2024-08-27T11:14:22","modified_gmt":"2024-08-27T09:14:22","slug":"glowna","status":"publish","type":"page","link":"https:\/\/przedszkole77.edu.wroclaw.pl\/","title":{"rendered":"Strona g\u0142\u00f3wna"},"content":{"rendered":"<div class=\"wpb-content-wrapper\"><p>[vc_row css_animation=&#8221;zoomIn&#8221; css=&#8221;.vc_custom_1686820635713{margin-top: 40px !important;margin-right: 40px !important;margin-left: 40px !important;}&#8221;][vc_column width=&#8221;1\/5&#8243;][vc_icon icon_fontawesome=&#8221;fas fa-calendar-day&#8221; color=&#8221;custom&#8221; background_style=&#8221;rounded-outline&#8221; background_color=&#8221;custom&#8221; size=&#8221;xl&#8221; align=&#8221;center&#8221; custom_color=&#8221;#206e85&#8243; custom_background_color=&#8221;#206e85&#8243; link=&#8221;url:https%3A%2F%2Fszkolnastrona.pl%2Fpl%2Fkartka-z-kalendarza%2Fdzien-opowiadania-ulubionych-historyjek|title:Kartka%20z%20kalendarza|target:_blank&#8221;][vc_column_text css=&#8221;.vc_custom_1686819423015{margin-top: -40px !important;}&#8221;]<\/p>\n<h2 style=\"text-align: center;\"><span style=\"font-size: 20px; color: #206e85;\">Kartka z kalendarza<\/span><\/h2>\n<p>[\/vc_column_text][\/vc_column][vc_column width=&#8221;1\/5&#8243;][vc_icon icon_fontawesome=&#8221;far fa-newspaper&#8221; color=&#8221;custom&#8221; background_style=&#8221;rounded-outline&#8221; background_color=&#8221;custom&#8221; size=&#8221;xl&#8221; align=&#8221;center&#8221; custom_color=&#8221;#7631bf&#8221; custom_background_color=&#8221;#7631bf&#8221; link=&#8221;url:https%3A%2F%2Fprzedszkole77.edu.wroclaw.pl%2Findex.php%2Fgazetka-teczowe-wiadomosci%2F|title:Gazetka%20%22T%C4%99czowe%20Wiadomo%C5%9Bci%22&#8243;][vc_column_text css=&#8221;.vc_custom_1686819692613{margin-top: -40px !important;}&#8221;]<\/p>\n<h2 style=\"text-align: center;\"><span style=\"font-size: 20px; color: #206e85;\"><span style=\"color: #7631bf;\">Gazetka &#8222;T\u0119czowe Wiadomo\u015bci&#8221;<\/span><br \/>\n<\/span><\/h2>\n<p>[\/vc_column_text][\/vc_column][vc_column width=&#8221;1\/5&#8243;][vc_icon icon_fontawesome=&#8221;fas fa-suitcase&#8221; color=&#8221;custom&#8221; background_style=&#8221;rounded-outline&#8221; background_color=&#8221;custom&#8221; size=&#8221;xl&#8221; align=&#8221;center&#8221; custom_color=&#8221;#bf532b&#8221; custom_background_color=&#8221;#bf532b&#8221; link=&#8221;url:https%3A%2F%2Fprzedszkole77.edu.wroclaw.pl%2Findex.php%2Fprzerwa-wakacyjna%2F|title:Przerwa%20wakacyjna&#8221;][vc_column_text css=&#8221;.vc_custom_1686819921890{margin-top: -40px !important;}&#8221;]<\/p>\n<h2 style=\"text-align: center;\"><span style=\"font-size: 20px; color: #206e85;\"><span style=\"color: #bf532b;\">Przerwa wakacyjna<\/span><br \/>\n<\/span><\/h2>\n<p>[\/vc_column_text][\/vc_column][vc_column width=&#8221;1\/5&#8243;][vc_icon icon_fontawesome=&#8221;fab fa-facebook-f&#8221; color=&#8221;custom&#8221; background_style=&#8221;rounded-outline&#8221; background_color=&#8221;custom&#8221; size=&#8221;xl&#8221; align=&#8221;center&#8221; custom_color=&#8221;#007cad&#8221; custom_background_color=&#8221;#007cad&#8221; link=&#8221;url:https%3A%2F%2Fpl-pl.facebook.com%2FTeczoweSiodemki%2F|title:Facebook|target:_blank&#8221;][vc_column_text css=&#8221;.vc_custom_1686820125096{margin-top: -40px !important;}&#8221;]<\/p>\n<h2 style=\"text-align: center;\"><span style=\"font-size: 20px; color: #206e85;\"><span style=\"color: #007cad;\">Facebook<\/span><br \/>\n<\/span><\/h2>\n<p>[\/vc_column_text][\/vc_column][vc_column width=&#8221;1\/5&#8243;][vc_icon icon_fontawesome=&#8221;fas fa-layer-group&#8221; color=&#8221;custom&#8221; background_style=&#8221;rounded-outline&#8221; background_color=&#8221;custom&#8221; size=&#8221;xl&#8221; align=&#8221;center&#8221; custom_color=&#8221;#238525&#8243; custom_background_color=&#8221;#238525&#8243; link=&#8221;url:https%3A%2F%2Fprzedszkole77.edu.wroclaw.pl%2Findex.php%2Frodo%2F|title:RODO&#8221;][vc_column_text css=&#8221;.vc_custom_1686820060871{margin-top: -40px !important;}&#8221;]<\/p>\n<h2 style=\"text-align: center;\"><span style=\"font-size: 20px; color: #206e85;\"><span style=\"color: #238525;\">RODO<\/span><br \/>\n<\/span><\/h2>\n<p>[\/vc_column_text][\/vc_column][\/vc_row][vc_row][vc_column width=&#8221;1\/12&#8243;][\/vc_column][vc_column width=&#8221;1\/2&#8243;][vc_wp_text]<\/p>\n<h1 style=\"text-align: center;\"><span style=\"font-size: 48px;\">O Przedszkolu<\/span><\/h1>\n<p>[\/vc_wp_text][vc_separator color=&#8221;custom&#8221; border_width=&#8221;4&#8243; el_width=&#8221;50&#8243; accent_color=&#8221;#206e85&#8243; css=&#8221;.vc_custom_1678783553623{margin-top: -30px !important;}&#8221;][vc_wp_text]Przedszkole nr 77 &#8222;T\u0119czowe Si\u00f3demki&#8221; przy ul. Niemcewicza nr 4 jest zlokalizowane po\u015br\u00f3d starej zabudowy \u015br\u00f3dmiejskiej. Budynek, b\u0119d\u0105cy zabytkiem architektury XIX wiecznej, w 1974 r. adaptowanym na Przedszkole, otoczony jest rzadk\u0105 w tej cz\u0119\u015bci miasta ilo\u015bci\u0105 zieleni, w\u015br\u00f3d kt\u00f3rej najpi\u0119kniejsze to stare, kilkudziesi\u0119ciometrowe platany i kasztanowce. Z ty\u0142u i z przodu budynku znajduje si\u0119 plac zabaw wyposa\u017cony w nowe, bezpieczne urz\u0105dzenia do zabaw dla dzieci.[\/vc_wp_text][\/vc_column][vc_column width=&#8221;1\/3&#8243;][vc_empty_space height=&#8221;160px&#8221;][vc_wp_text]<img loading=\"lazy\" decoding=\"async\" class=\"alignnone size-medium wp-image-1597 aligncenter\" src=\"https:\/\/przedszkole77.edu.wroclaw.pl\/wp-content\/uploads\/sites\/70\/2023\/03\/podk001-300x225.jpg\" alt=\"\" width=\"300\" height=\"225\" srcset=\"https:\/\/przedszkole77.edu.wroclaw.pl\/wp-content\/uploads\/sites\/70\/2023\/03\/podk001-300x225.jpg 300w, https:\/\/przedszkole77.edu.wroclaw.pl\/wp-content\/uploads\/sites\/70\/2023\/03\/podk001-768x576.jpg 768w, https:\/\/przedszkole77.edu.wroclaw.pl\/wp-content\/uploads\/sites\/70\/2023\/03\/podk001-600x450.jpg 600w, https:\/\/przedszkole77.edu.wroclaw.pl\/wp-content\/uploads\/sites\/70\/2023\/03\/podk001.jpg 1024w\" sizes=\"auto, (max-width: 300px) 100vw, 300px\" \/>[\/vc_wp_text][\/vc_column][\/vc_row][vc_row][vc_column width=&#8221;1\/12&#8243;][\/vc_column][vc_column width=&#8221;1\/2&#8243;][vc_wp_text]<\/p>\n<h1 style=\"text-align: center;\"><span style=\"font-size: 48px;\">Zaplecze<\/span><\/h1>\n<p>[\/vc_wp_text][vc_separator color=&#8221;custom&#8221; border_width=&#8221;4&#8243; el_width=&#8221;50&#8243; accent_color=&#8221;#206e85&#8243; css=&#8221;.vc_custom_1678783578475{margin-top: -30px !important;}&#8221;][vc_wp_text]Przedszkole dysponuje nowocze\u015bnie wyposa\u017conymi salami dydaktycznymi dla ka\u017cdej grupy wiekowej oraz salami do zaj\u0119\u0107: informatycznych, rekreacyjnych, muzycznych, teatralnych, logopedycznych. Na parterze znajduje si\u0119 sto\u0142\u00f3wka i szatnia, na pierwszym i drugim pi\u0119trze ulokowane s\u0105 sale dydaktyczne. Przedszkole ponad 300 miejsc w 15 oddzia\u0142ach. Serdecznie zapraszamy![\/vc_wp_text][\/vc_column][vc_column width=&#8221;1\/3&#8243;][vc_empty_space height=&#8221;160px&#8221;][vc_wp_text]<img loading=\"lazy\" decoding=\"async\" class=\"aligncenter wp-image-334 size-medium\" src=\"https:\/\/przedszkole77.edu.wroclaw.pl\/wp-content\/uploads\/sites\/70\/2022\/04\/p77b-300x285.jpg\" alt=\"Korytarz przedszkola nr 77 we Wroc\u0142awiu\" width=\"300\" height=\"285\" srcset=\"https:\/\/przedszkole77.edu.wroclaw.pl\/wp-content\/uploads\/sites\/70\/2022\/04\/p77b-300x285.jpg 300w, https:\/\/przedszkole77.edu.wroclaw.pl\/wp-content\/uploads\/sites\/70\/2022\/04\/p77b.jpg 435w\" sizes=\"auto, (max-width: 300px) 100vw, 300px\" \/>[\/vc_wp_text][\/vc_column][\/vc_row][vc_row][vc_column width=&#8221;1\/6&#8243;][\/vc_column][vc_column width=&#8221;1\/6&#8243;][\/vc_column][vc_column width=&#8221;1\/6&#8243;][\/vc_column][vc_column width=&#8221;1\/6&#8243;][\/vc_column][vc_column width=&#8221;1\/6&#8243;][\/vc_column][vc_column width=&#8221;1\/6&#8243;][\/vc_column][\/vc_row]<\/p>\n<\/div>","protected":false},"excerpt":{"rendered":"<p>[vc_row css_animation=&#8221;zoomIn&#8221; css=&#8221;.vc_custom_1686820635713{margin-top: 40px !important;margin-right: 40px !important;margin-left: 40px !important;}&#8221;][vc_column width=&#8221;1\/5&#8243;][vc_icon icon_fontawesome=&#8221;fas fa-calendar-day&#8221; color=&#8221;custom&#8221; background_style=&#8221;rounded-outline&#8221; background_color=&#8221;custom&#8221; size=&#8221;xl&#8221; align=&#8221;center&#8221; custom_color=&#8221;#206e85&#8243; custom_background_color=&#8221;#206e85&#8243; link=&#8221;url:https%3A%2F%2Fszkolnastrona.pl%2Fpl%2Fkartka-z-kalendarza%2Fdzien-opowiadania-ulubionych-historyjek|title:Kartka%20z%20kalendarza|target:_blank&#8221;][vc_column_text css=&#8221;.vc_custom_1686819423015{margin-top: -40px !important;}&#8221;] Kartka z kalendarza [\/vc_column_text][\/vc_column][vc_column width=&#8221;1\/5&#8243;][vc_icon icon_fontawesome=&#8221;far fa-newspaper&#8221; [&hellip;]<\/p>\n","protected":false},"author":15,"featured_media":0,"parent":0,"menu_order":0,"comment_status":"closed","ping_status":"closed","template":"","meta":{"footnotes":""},"class_list":["post-18","page","type-page","status-publish","hentry","clearfix"],"_links":{"self":[{"href":"https:\/\/przedszkole77.edu.wroclaw.pl\/index.php\/wp-json\/wp\/v2\/pages\/18","targetHints":{"allow":["GET"]}}],"collection":[{"href":"https:\/\/przedszkole77.edu.wroclaw.pl\/index.php\/wp-json\/wp\/v2\/pages"}],"about":[{"href":"https:\/\/przedszkole77.edu.wroclaw.pl\/index.php\/wp-json\/wp\/v2\/types\/page"}],"author":[{"embeddable":true,"href":"https:\/\/przedszkole77.edu.wroclaw.pl\/index.php\/wp-json\/wp\/v2\/users\/15"}],"replies":[{"embeddable":true,"href":"https:\/\/przedszkole77.edu.wroclaw.pl\/index.php\/wp-json\/wp\/v2\/comments?post=18"}],"version-history":[{"count":47,"href":"https:\/\/przedszkole77.edu.wroclaw.pl\/index.php\/wp-json\/wp\/v2\/pages\/18\/revisions"}],"predecessor-version":[{"id":3009,"href":"https:\/\/przedszkole77.edu.wroclaw.pl\/index.php\/wp-json\/wp\/v2\/pages\/18\/revisions\/3009"}],"wp:attachment":[{"href":"https:\/\/przedszkole77.edu.wroclaw.pl\/index.php\/wp-json\/wp\/v2\/media?parent=18"}],"curies":[{"name":"wp","href":"https:\/\/api.w.org\/{rel}","templated":true}]}}